{"id":183,"date":"2019-03-29T10:20:58","date_gmt":"2019-03-29T10:20:58","guid":{"rendered":"http:\/\/fk-whg.de\/?page_id=183"},"modified":"2025-07-25T14:36:21","modified_gmt":"2025-07-25T14:36:21","slug":"satzung","status":"publish","type":"page","link":"https:\/\/fk-whg.de\/?page_id=183","title":{"rendered":"Satzung"},"content":{"rendered":"<h1><strong>Satzung des F\u00f6rderkreises des Werner-Heisenberg-Gymnasiums Bad D\u00fcrkheim e. V.<\/strong><\/h1>\n<p><a href=\"http:\/\/fk-whg.de\/wp-content\/uploads\/2025\/07\/Satzung-Foerderkreis-WHG.pdf\"><img loading=\"lazy\" decoding=\"async\" class=\"alignnone size-full wp-image-90\" src=\"http:\/\/fk-whg.de\/wp-content\/uploads\/2019\/03\/acrobat-pdf-icon.png\" alt=\"\" width=\"24\" height=\"24\" \/> Satzung F\u00f6rderkreis WHG 2023<\/a><\/p>\n<p>Satzung des F\u00f6rderkreises<br \/>\ndes Werner-Heisenberg-Gymnasiums Bad D\u00fcrkheim e. V.<\/p>\n<p>\u00a71 Name und Sitz<br \/>\n(1) Die Vereinigung tr\u00e4gt den Namen \u201eF\u00f6rderkreis des Werner-Heisenberg-Gymnasiums<br \/>\nBad D\u00fcrkheim e. V.\u201c. Sie wurde am 14. M\u00e4rz 1974 gegr\u00fcndet. Sie hat ihren Sitz in Bad<br \/>\nD\u00fcrkheim. Der Verein wird in das Vereinsregister eingetragen.<\/p>\n<p>\u00a72 Zweck<br \/>\n1)Zweck des Vereins ist die F\u00f6rderung von Bildung am Werner-Heisenberg-<br \/>\nGymnasium in Bad D\u00fcrkheim, und zwar insbesondere:<br \/>\na) durch Unterst\u00fctzung begabter und\/oder bed\u00fcrftiger Sch\u00fcler des Gymnasiums<br \/>\nb) durch Bereitstellung von Mitteln zur Beschaffung von Lehr- und<br \/>\nAnschauungsmaterial, von Literatur f\u00fcr die Schulb\u00fcchereien sowie durch Zusch\u00fcsse<br \/>\nzu Lehrfahrten, Besichtigungen, Sportkursen und \u00e4hnlichen unmittelbar der<br \/>\nAusbildung dienenden Zwecken<br \/>\n2) Der F\u00f6rderkreis unterst\u00fctzt die Teilnahme an schulischen Aktivit\u00e4ten f\u00fcr<br \/>\nSch\u00fcler in besonderen finanziellen Notlagen (mildt\u00e4tige Zwecke).<br \/>\n3) Der F\u00f6rderkreis pflegt den freundschaftlichen Zusammenhalt unter den<br \/>\nfr\u00fcheren Sch\u00fclern und h\u00e4lt die Verbindung mit der Schule aufrecht.<\/p>\n<p>\u00a73 Gemeinn\u00fctzigkeit<br \/>\n1) Der F\u00f6rderkreis verfolgt ausschlie\u00dflich und unmittelbar gemeinn\u00fctzige Zwecke im<br \/>\nSinne des Abschnitts \u201eSteuerbeg\u00fcnstigte Zwecke\u201c der Abgabenordnung.<br \/>\nDer Verein ist selbstlos t\u00e4tig; er verfolgt nicht in erster Linie eigenwirtschaftliche<br \/>\nZwecke. Mittel des Vereins d\u00fcrfen nur f\u00fcr die satzungsm\u00e4\u00dfigen Zwecke verwendet<br \/>\nwerden.<br \/>\nDie Vereins\u00e4mter sind Ehren\u00e4mter.<br \/>\nSoweit der Schule f\u00fcr die unter \u00a7 2 genannten Zwecke Mittel zur Verf\u00fcgung gestellt<br \/>\nwerden, muss bei der Entscheidung \u00fcber deren Verwendung im Einzelnen der<br \/>\nVorstand oder ein vom Vorstand beauftragtes Vorstandsmitglied mitwirken.<br \/>\n2) Mittel d\u00fcrfen nur f\u00fcr die satzungsm\u00e4\u00dfigen Zwecke verwendet werden. Die<br \/>\nMitglieder d\u00fcrfen keine Gewinnanteile und in ihrer Eigenschaft als Mitglieder auch<br \/>\nkeine sonstigen Zuwendungen erhalten. Der F\u00f6rderkreis darf keine Person durch<br \/>\nAusgaben, die seinen Zwecken fremd sind, oder durch unverh\u00e4ltnism\u00e4\u00dfig hohe<br \/>\nVerg\u00fctungen beg\u00fcnstigen<br \/>\n3) Zur mildt\u00e4tige Unterst\u00fctzung von Sch\u00fclern zur Teilnahme an schulischen<br \/>\nAktivit\u00e4ten in finanziellen Notlagensituationen ist die Situation dem Verein jeweils<br \/>\nnachzuweisen.<\/p>\n<p>\u00a74 Gesch\u00e4ftsjahr<br \/>\nDas Gesch\u00e4ftsjahr des Vereins ist das Kalenderjahr.<\/p>\n<p>\u00a75 Mitgliedschaft<br \/>\n1) Mitglied des Vereins kann jede nat\u00fcrliche Person und jede juristische Person des<br \/>\nprivaten und \u00f6ffentlichen Rechts werden.<br \/>\n2) Die Mitgliedschaft ist schriftlich zu beantragen. \u00dcber den Antrag entscheidet der<br \/>\nVorstand.<br \/>\n3) Gegen eine Ablehnung ist Berufung an die Mitgliederversammlung m\u00f6glich.<br \/>\n4) Mitglieder, die sich um die Schule oder um den F\u00f6rderkreis in besonderer Weise<br \/>\nverdient gemacht haben, k\u00f6nnen auf Vorschlag des Vorstandes durch die<br \/>\nMitgliederversammlung zu Ehrenmitgliedern ernannt werden. Ehrenmitglieder sind<br \/>\nvon der Beitragszahlung befreit.<br \/>\n5) Die Mitgliedschaft endet durch Tod, Austritt oder Ausschluss des Mitglieds.<br \/>\n6) Der Austritt ist nur zum Ende eines Kalenderjahres m\u00f6glich.<br \/>\n7) Ein Ausschluss ist m\u00f6glich, wenn ein wichtiger Grund vorliegt. \u00dcber den<br \/>\nAusschluss entscheidet der Vorstand. Der Ausschluss ist dem betroffenen Mitglied<br \/>\ndurch einen eingeschriebenen Brief mit Angabe der Gr\u00fcnde mitzuteilen.<br \/>\nGegen den Beschluss des Vorstandes steht dem Mitglied innerhalb vier Wochen<br \/>\nnach Zustellung das Recht der Berufung an die Mitgliederversammlung zu. Die<br \/>\nMitgliedschaft ruht in diesem Falle bis zur n\u00e4chsten ordentlichen<br \/>\nMitgliederversammlung.<br \/>\n8) Die Streichung eines Mitglieds aus der Mitgliederliste erfolgt durch den Vorstand,<br \/>\nwenn das Mitglied mit zwei Jahresbeitr\u00e4gen im Verzug ist und diesen Betrag auch<br \/>\nnach schriftlicher Mahnung durch den Vorstand nicht innerhalb dreier Monate von<br \/>\nder Absendung der Mahnung an die letztbenannte Adresse des Mitglieds in voller<br \/>\nH\u00f6he entrichtet. In der Mahnung muss der Vorstand auf die bevorstehende<br \/>\nStreichung der Mitgliedschaft hinweisen.<\/p>\n<p>\u00a76 Organe des F\u00f6rderkreises<br \/>\nOrgane des Vereins sind:<br \/>\n1. die Mitgliederversammlung<br \/>\n2. der Vorstand<\/p>\n<p>\u00a77 Die Mitgliederversammlung<br \/>\n1) Eine ordentliche Mitgliederversammlung wird vom Vorstand in jedem Fr\u00fchjahr<br \/>\nunter Einhaltung einer Einladungsfrist von zwei Wochen schriftlich (auch in<br \/>\nelektronischer Form z. B.Email) einberufen. Die Mitgliederversammlung kann auch<br \/>\nohne Anwesenheit am Versammlungsort im Wege der elektronischen<br \/>\nKommunikation stattfinden (hybride Versammlung). Wird eine hybride oder virtuelle<br \/>\nVersammlung einberufen, so muss auch angegeben werden, wie die Mitglieder ihre<br \/>\nRechte im Wege der elektronischen Kommunikation aus\u00fcben k\u00f6nnen.<br \/>\n2) Die Einberufung der Mitgliederversammlung erfolgt au\u00dferdem, wenn das<br \/>\nVereinsinteresse es erfordert oder wenn mindestens zehn Prozent der Mitglieder die<br \/>\nEinladung schriftlich und unter Angabe des Zwecks und der Gr\u00fcnde beantragen.<br \/>\n3) Die Versammlung ist beschlussf\u00e4hig, wenn mindestens zehn Mitglieder, darunter<br \/>\nzwei vom Vorstand, anwesend sind.<br \/>\n4) Mit der Einladung ist die vom Vorstand festgesetzte Tagesordnung mitzuteilen.<br \/>\n5) Die Aufgaben der Mitgliederversammlung sind insbesondere<br \/>\nEntgegennahme des Jahresberichts durch den 1. Vorsitzenden<br \/>\nEntlastung des Vorstands<br \/>\nWahl des Vorstands<br \/>\nWahl der zwei Kassenpr\u00fcfer<br \/>\nBeratung und Beschluss \u00fcber besondere Veranstaltungen, Satzungs\u00e4nderungen,<br \/>\nBerufungen und alle wichtigen Angelegenheiten des Vereins<br \/>\n6) Die Mitgliederversammlung entscheidet mit einfacher Mehrheit der erschienenen<br \/>\nMitglieder, bei Satzungs\u00e4nderungen mit Zweidrittelmehrheit der erschienenen<br \/>\nMitglieder und mit Dreiviertelmehrheit der erschienenen Mitglieder \u00fcber die<br \/>\n\u00c4nderung des Vereinszwecks oder \u00fcber die Aufl\u00f6sung des Vereins.<br \/>\n7) \u00dcber die Beschl\u00fcsse der Mitgliederversammlung ist ein Protokoll aufzunehmen,<br \/>\ndas vom Schriftf\u00fchrer erstellt und vom Versammlungsleiter unterschrieben wird.<\/p>\n<p>\u00a78 Der Vorstand<br \/>\n1) Der Vorstand besteht aus dem 1. Vorsitzenden, dem 2. Vorsitzenden, dem<br \/>\nKassenwart, dem Schriftf\u00fchrer und vier Beisitzern. Davon sollen zwei Lehrer des<br \/>\nWHG sein.<br \/>\n2) Der Verein wird gerichtlich und au\u00dfergerichtlich durch den 1. und den 2.<br \/>\nVorsitzenden vertreten. Jeder von ihnen ist befugt, den Verein allein zu vertreten.<br \/>\n3) Im Innenverh\u00e4ltnis soll der 2. Vorsitzende verpflichtet sein, von seinem<br \/>\nAlleinvertretungsrecht nur Gebrauch zu machen, wenn der 1. Vorsitzende verhindert<br \/>\nist.<br \/>\n4) Der Vorstand wird von der Mitgliederversammlung auf die Dauer von drei Jahren<br \/>\ngew\u00e4hlt. Er bleibt solange im Amt, bis eine Neu- bzw. Wiederwahl erfolgt.<br \/>\nScheidet ein Mitglied des Vorstands w\u00e4hrend der Amtsperiode aus, so w\u00e4hlt die<br \/>\nMitgliederversammlung ein Ersatzmitglied f\u00fcr den Rest der Amtsperiode.<br \/>\n5) Der Schriftf\u00fchrer f\u00fchrt das Protokoll.<br \/>\n6) Der Kassenwart sorgt f\u00fcr den richtigen Eingang der Mitgliedsbeitr\u00e4ge und f\u00fchrt die<br \/>\nKonten. Er berichtet der Mitgliederversammlung \u00fcber die Rechnungsf\u00fchrung, die von<br \/>\nzwei hierzu bestimmten Mitgliedern zu pr\u00fcfen ist. Auf ihren Antrag erteilt die<br \/>\nMitgliederversammlung dem Vorstand Entlastung.<br \/>\n7) Der 1.Vorsitzende l\u00e4dt zur Vorstandssitzung unter Angabe der Tagesordnung mit<br \/>\neiner Frist von mindestens einer Woche ein. Der Vorstand ist beschlussf\u00e4hig, wenn<br \/>\nmindestens f\u00fcnf Mitglieder anwesend sind, darunter der 1. oder der 2. Vorsitzende.<br \/>\nDer Vorstand ber\u00e4t und beschlie\u00dft im Rahmen der Beschl\u00fcsse die Verwendung der<br \/>\nGelder mit einfacher Mehrheit. Alle Vorstandsmitglieder haben Stimmrecht. Bei<br \/>\nStimmengleichheit gibt der Vorsitzendeden Ausschlag.<\/p>\n<p>\u00a79 Beitr\u00e4ge<br \/>\nDie Mitgliedsbeitr\u00e4ge sind Jahresbeitr\u00e4ge und zu Beginn des Gesch\u00e4ftsjahres f\u00e4llig.<br \/>\n\u00dcber die H\u00f6he des Beitrags entscheidet die Mitgliederversammlung.<br \/>\nMitglieder, die sich noch in der Ausbildung befinden, zahlen einen reduzierten Betrag.<br \/>\nFreiwillige Spenden sind m\u00f6glich.<\/p>\n<p>\u00a710 Aufl\u00f6sung<br \/>\n1) \u00dcber die Aufl\u00f6sung des Vereins entscheidet die Mitgliederversammlung.<br \/>\n2) Bei Aufl\u00f6sung des Vereins oder bei Wegfall seines steuerbeg\u00fcnstigten Zwecks<br \/>\nf\u00e4llt das Vereinsverm\u00f6gen an die Kreisverwaltung Bad D\u00fcrkheim als Schultr\u00e4ger,<br \/>\nder es ausschlie\u00dflich und unmittelbar im Sinne des \u00a72 dieser Satzung f\u00fcr<br \/>\ngemeinn\u00fctzige oder mildt\u00e4tige Zwecke zu verwenden hat.<\/p>\n<p>Bad D\u00fcrkheim 25.05.2023<\/p>\n","protected":false},"excerpt":{"rendered":"<p>Satzung des F\u00f6rderkreises des Werner-Heisenberg-Gymnasiums Bad D\u00fcrkheim e. V. Satzung F\u00f6rderkreis WHG 2023 Satzung des F\u00f6rderkreises des Werner-Heisenberg-Gymnasiums Bad D\u00fcrkheim e. V. \u00a71 Name und Sitz (1) Die Vereinigung tr\u00e4gt den Namen \u201eF\u00f6rderkreis des Werner-Heisenberg-Gymnasiums Bad D\u00fcrkheim e. V.\u201c. Sie wurde am 14. M\u00e4rz 1974 gegr\u00fcndet. Sie hat ihren Sitz in Bad D\u00fcrkheim. Der Verein &hellip; <\/p>\n<p class=\"link-more\"><a href=\"https:\/\/fk-whg.de\/?page_id=183\" class=\"more-link\"><span class=\"screen-reader-text\">\u201eSatzung\u201c<\/span> weiterlesen<\/a><\/p>\n","protected":false},"author":1,"featured_media":0,"parent":0,"menu_order":0,"comment_status":"closed","ping_status":"closed","template":"","meta":{"footnotes":""},"class_list":["post-183","page","type-page","status-publish","hentry"],"_links":{"self":[{"href":"https:\/\/fk-whg.de\/index.php?rest_route=\/wp\/v2\/pages\/183","targetHints":{"allow":["GET"]}}],"collection":[{"href":"https:\/\/fk-whg.de\/index.php?rest_route=\/wp\/v2\/pages"}],"about":[{"href":"https:\/\/fk-whg.de\/index.php?rest_route=\/wp\/v2\/types\/page"}],"author":[{"embeddable":true,"href":"https:\/\/fk-whg.de\/index.php?rest_route=\/wp\/v2\/users\/1"}],"replies":[{"embeddable":true,"href":"https:\/\/fk-whg.de\/index.php?rest_route=%2Fwp%2Fv2%2Fcomments&post=183"}],"version-history":[{"count":6,"href":"https:\/\/fk-whg.de\/index.php?rest_route=\/wp\/v2\/pages\/183\/revisions"}],"predecessor-version":[{"id":624,"href":"https:\/\/fk-whg.de\/index.php?rest_route=\/wp\/v2\/pages\/183\/revisions\/624"}],"wp:attachment":[{"href":"https:\/\/fk-whg.de\/index.php?rest_route=%2Fwp%2Fv2%2Fmedia&parent=183"}],"curies":[{"name":"wp","href":"https:\/\/api.w.org\/{rel}","templated":true}]}}