{"id":248,"date":"2019-03-30T11:55:14","date_gmt":"2019-03-30T11:55:14","guid":{"rendered":"http:\/\/fk-whg.de\/?page_id=248"},"modified":"2020-03-29T16:21:08","modified_gmt":"2020-03-29T16:21:08","slug":"juergen-streibert-preis","status":"publish","type":"page","link":"https:\/\/fk-whg.de\/?page_id=248","title":{"rendered":"J\u00fcrgen-Streibert-Preis"},"content":{"rendered":"<p><span style=\"font-family: Tahoma;\">Der F\u00f6rderkreis verleiht allj\u00e4hrlich bei der Abiturfeier den\u00a0<strong>J\u00fcrgen-Streibert-Preis<\/strong>\u00a0an bis zu zwei Sch\u00fclerinnen und Sch\u00fcler, die sich durch besondere sportliche Leistungen ausgezeichnet haben. Mitentscheidend f\u00fcr die Wahl ist auch herausragendes kameradschaftliches Verhalten.<\/span><br \/>\n<span style=\"font-family: Tahoma;\">Der Preis wurde von den Eheleuten Ernst und Emma Streibert gestiftet und bisher an folgende Sch\u00fclerinnen und Sch\u00fcler verliehen:<\/span><\/p>\n<table border=\"0\" width=\"462\" cellspacing=\"0\" cellpadding=\"2\">\n<tbody>\n<tr>\n<td width=\"46\">2020<\/td>\n<td width=\"173\">Elisabeth Negele<\/td>\n<td width=\"223\"><\/td>\n<\/tr>\n<tr>\n<td width=\"46\">2019<\/td>\n<td width=\"173\">Henrik Liew<\/td>\n<td width=\"223\"><\/td>\n<\/tr>\n<tr>\n<td width=\"46\">2018<\/td>\n<td width=\"173\"><em><span style=\"color: #808080;\">Preis wurde nicht vergeben<\/span><\/em><\/td>\n<td width=\"223\"><\/td>\n<\/tr>\n<tr>\n<td width=\"46\">2017<\/td>\n<td width=\"173\">Philipp Theyssen<\/td>\n<td width=\"223\"><\/td>\n<\/tr>\n<tr>\n<td width=\"46\">2016<\/td>\n<td width=\"173\"><em><span style=\"color: #808080;\">Preis wurde nicht vergeben<\/span><\/em><\/td>\n<td width=\"223\"><\/td>\n<\/tr>\n<tr>\n<td width=\"46\">2015<\/td>\n<td width=\"173\">Marius Plingen<\/td>\n<td width=\"223\">Christopher B\u00fchler<\/td>\n<\/tr>\n<tr>\n<td width=\"46\">2014<\/td>\n<td width=\"173\"><em><span style=\"color: #808080;\">Preis wurde nicht vergeben<\/span><\/em><\/td>\n<td width=\"223\"><\/td>\n<\/tr>\n<tr>\n<td width=\"46\">2013<\/td>\n<td width=\"173\">Martin Koch<\/td>\n<td width=\"223\"><\/td>\n<\/tr>\n<tr>\n<td width=\"46\">2012<\/td>\n<td width=\"173\">Nico Hesse<\/td>\n<td width=\"223\"><\/td>\n<\/tr>\n<tr>\n<td width=\"46\">2011<\/td>\n<td width=\"173\">Charlotte Hau\u00dfmann<\/td>\n<td width=\"223\">Leonie Scheuermann<\/td>\n<\/tr>\n<tr>\n<td width=\"46\">2010<\/td>\n<td width=\"173\">Wolfgang Heilmann<\/td>\n<td width=\"223\"><\/td>\n<\/tr>\n<tr>\n<td width=\"46\">2009<\/td>\n<td width=\"173\">Manuel Joos<\/td>\n<td width=\"223\"><\/td>\n<\/tr>\n<tr>\n<td width=\"46\">2008<\/td>\n<td width=\"173\">Kai Best<\/td>\n<td width=\"223\"><\/td>\n<\/tr>\n<tr>\n<td width=\"46\">2007<\/td>\n<td width=\"173\">Stefan Heilmann<\/td>\n<td width=\"223\"><\/td>\n<\/tr>\n<tr>\n<td width=\"46\">2006<\/td>\n<td width=\"173\">Corinna Schappacher<\/td>\n<td width=\"223\"><\/td>\n<\/tr>\n<tr>\n<td width=\"46\">2005<\/td>\n<td width=\"173\">Astrid Hoppe<\/td>\n<td width=\"223\"><\/td>\n<\/tr>\n<tr>\n<td width=\"46\">2004<\/td>\n<td width=\"173\">Tobias Koreng<\/td>\n<td width=\"223\">Madeleine Lang<\/td>\n<\/tr>\n<tr>\n<td width=\"46\">2003<\/td>\n<td width=\"173\">Barbara Fellmann<\/td>\n<td width=\"223\"><\/td>\n<\/tr>\n<tr>\n<td width=\"46\">2002<\/td>\n<td width=\"173\">Julian Wuttke<\/td>\n<td width=\"223\"><\/td>\n<\/tr>\n<tr>\n<td width=\"46\">2001<\/td>\n<td width=\"173\">Jan Best<\/td>\n<td width=\"223\">Anne Fellmann<\/td>\n<\/tr>\n<tr>\n<td width=\"46\">2000<\/td>\n<td width=\"173\">Manuel Amann<\/td>\n<td width=\"223\">Sophie Baginski<\/td>\n<\/tr>\n<tr>\n<td width=\"46\">1999<\/td>\n<td width=\"173\">Ralf Pojtinger<\/td>\n<td width=\"223\">Steffi Karpf<\/td>\n<\/tr>\n<tr>\n<td width=\"46\">1998<\/td>\n<td width=\"173\">Peter Stappen<\/td>\n<td width=\"223\">Judith H\u00e4hnlein<\/td>\n<\/tr>\n<tr>\n<td width=\"46\">1997<\/td>\n<td width=\"173\">Matthias Bruch<\/td>\n<td width=\"223\">Nadja Schwalm<\/td>\n<\/tr>\n<tr>\n<td width=\"46\">1996<\/td>\n<td width=\"173\">Semir Kamhawi<\/td>\n<td width=\"223\">Tabea Gairing<\/td>\n<\/tr>\n<tr>\n<td width=\"46\">1995<\/td>\n<td width=\"173\">Markus Heim<\/td>\n<td width=\"223\"><\/td>\n<\/tr>\n<\/tbody>\n<\/table>\n","protected":false},"excerpt":{"rendered":"<p>Der F\u00f6rderkreis verleiht allj\u00e4hrlich bei der Abiturfeier den\u00a0J\u00fcrgen-Streibert-Preis\u00a0an bis zu zwei Sch\u00fclerinnen und Sch\u00fcler, die sich durch besondere sportliche Leistungen ausgezeichnet haben. Mitentscheidend f\u00fcr die Wahl ist auch herausragendes kameradschaftliches Verhalten. Der Preis wurde von den Eheleuten Ernst und Emma Streibert gestiftet und bisher an folgende Sch\u00fclerinnen und Sch\u00fcler verliehen: 2020 Elisabeth Negele 2019 Henrik &hellip; <\/p>\n<p class=\"link-more\"><a href=\"https:\/\/fk-whg.de\/?page_id=248\" class=\"more-link\"><span class=\"screen-reader-text\">\u201eJ\u00fcrgen-Streibert-Preis\u201c<\/span> weiterlesen<\/a><\/p>\n","protected":false},"author":1,"featured_media":0,"parent":0,"menu_order":0,"comment_status":"closed","ping_status":"closed","template":"","meta":{"footnotes":""},"class_list":["post-248","page","type-page","status-publish","hentry"],"_links":{"self":[{"href":"https:\/\/fk-whg.de\/index.php?rest_route=\/wp\/v2\/pages\/248","targetHints":{"allow":["GET"]}}],"collection":[{"href":"https:\/\/fk-whg.de\/index.php?rest_route=\/wp\/v2\/pages"}],"about":[{"href":"https:\/\/fk-whg.de\/index.php?rest_route=\/wp\/v2\/types\/page"}],"author":[{"embeddable":true,"href":"https:\/\/fk-whg.de\/index.php?rest_route=\/wp\/v2\/users\/1"}],"replies":[{"embeddable":true,"href":"https:\/\/fk-whg.de\/index.php?rest_route=%2Fwp%2Fv2%2Fcomments&post=248"}],"version-history":[{"count":6,"href":"https:\/\/fk-whg.de\/index.php?rest_route=\/wp\/v2\/pages\/248\/revisions"}],"predecessor-version":[{"id":524,"href":"https:\/\/fk-whg.de\/index.php?rest_route=\/wp\/v2\/pages\/248\/revisions\/524"}],"wp:attachment":[{"href":"https:\/\/fk-whg.de\/index.php?rest_route=%2Fwp%2Fv2%2Fmedia&parent=248"}],"curies":[{"name":"wp","href":"https:\/\/api.w.org\/{rel}","templated":true}]}}