{"id":256,"date":"2019-03-30T12:05:37","date_gmt":"2019-03-30T12:05:37","guid":{"rendered":"http:\/\/fk-whg.de\/?page_id=256"},"modified":"2022-10-18T08:58:05","modified_gmt":"2022-10-18T08:58:05","slug":"mitglied-werden","status":"publish","type":"page","link":"https:\/\/fk-whg.de\/?page_id=256","title":{"rendered":"Mitglied werden"},"content":{"rendered":"<h2><strong>Hier finden Sie den Antrag, um beim F\u00f6rderkreis Mitglied zu werden.<\/strong><br \/>\nWir freuen uns auf Sie!<\/h2>\n<ul>\n<li style=\"list-style-type: none;\">\n<ul>\n<li>Laden und drucken Sie die <a href=\"http:\/\/fk-whg.de\/wp-content\/uploads\/2019\/03\/Beitrittserklaerung.pdf\">Beitrittserkl\u00e4rung<\/a> <img decoding=\"async\" src=\"http:\/\/fk-whg.de\/wp-content\/uploads\/2019\/03\/acrobat-pdf-icon.png\" \/><\/li>\n<li>Unterschreiben Sie<\/li>\n<li>Senden Sie Ihren Antrag an den F\u00f6rderkreis (direkt oder \u00fcber das Schulsekretariat)<\/li>\n<\/ul>\n<\/li>\n<\/ul>\n<p><u>Postadresse:<\/u><br \/>\nF\u00f6rderkreis WHG<br \/>\nKanalstra\u00dfe 19<br \/>\n67098 Bad D\u00fcrkheim<\/p>\n<p>Mitgliedschaft k\u00fcndigen:<br \/>\n<a href=\"mailto:mitglieder@fk-whg.de?subject=Anfrage\">mitglieder@fk-whg.de<\/a><\/p>\n","protected":false},"excerpt":{"rendered":"<p>Hier finden Sie den Antrag, um beim F\u00f6rderkreis Mitglied zu werden. Wir freuen uns auf Sie! Laden und drucken Sie die Beitrittserkl\u00e4rung Unterschreiben Sie Senden Sie Ihren Antrag an den F\u00f6rderkreis (direkt oder \u00fcber das Schulsekretariat) Postadresse: F\u00f6rderkreis WHG Kanalstra\u00dfe 19 67098 Bad D\u00fcrkheim Mitgliedschaft k\u00fcndigen: mitglieder@fk-whg.de<\/p>\n","protected":false},"author":1,"featured_media":0,"parent":0,"menu_order":0,"comment_status":"closed","ping_status":"closed","template":"","meta":{"footnotes":""},"class_list":["post-256","page","type-page","status-publish","hentry"],"_links":{"self":[{"href":"https:\/\/fk-whg.de\/index.php?rest_route=\/wp\/v2\/pages\/256","targetHints":{"allow":["GET"]}}],"collection":[{"href":"https:\/\/fk-whg.de\/index.php?rest_route=\/wp\/v2\/pages"}],"about":[{"href":"https:\/\/fk-whg.de\/index.php?rest_route=\/wp\/v2\/types\/page"}],"author":[{"embeddable":true,"href":"https:\/\/fk-whg.de\/index.php?rest_route=\/wp\/v2\/users\/1"}],"replies":[{"embeddable":true,"href":"https:\/\/fk-whg.de\/index.php?rest_route=%2Fwp%2Fv2%2Fcomments&post=256"}],"version-history":[{"count":11,"href":"https:\/\/fk-whg.de\/index.php?rest_route=\/wp\/v2\/pages\/256\/revisions"}],"predecessor-version":[{"id":632,"href":"https:\/\/fk-whg.de\/index.php?rest_route=\/wp\/v2\/pages\/256\/revisions\/632"}],"wp:attachment":[{"href":"https:\/\/fk-whg.de\/index.php?rest_route=%2Fwp%2Fv2%2Fmedia&parent=256"}],"curies":[{"name":"wp","href":"https:\/\/api.w.org\/{rel}","templated":true}]}}