{"id":291,"date":"2019-04-05T16:14:43","date_gmt":"2019-04-05T16:14:43","guid":{"rendered":"http:\/\/fk-whg.de\/?page_id=291"},"modified":"2019-04-05T16:47:54","modified_gmt":"2019-04-05T16:47:54","slug":"datenschutzerklaerung","status":"publish","type":"page","link":"https:\/\/fk-whg.de\/?page_id=291","title":{"rendered":"Impressum"},"content":{"rendered":"<h2>Impressum f\u00fcr den Internetauftritt des<br \/>\n<span style=\"color: #000000;\"><strong>F\u00f6rderkreis des Werner-Heisenberg-Gymnasiums e.V.<\/strong><\/span><\/h2>\n<h4>Adresse:<\/h4>\n<div>Werner-Heisenberg-Gymnasium Bad D\u00fcrkheim<\/div>\n<div>Kanalstra\u00dfe 19<\/div>\n<div>67098 Bad D\u00fcrkheim<\/div>\n<p>&nbsp;<\/p>\n<p>Telefonisch erreichbar \u00fcber das Schulsekretariat<br \/>\n<strong>Telefon: (0 63 22) 94 80 0<\/strong><br \/>\n<strong>Telefax: (0 63 22) 94 80 224<\/strong><\/p>\n<p>Mailadresse:<br \/>\n<a href=\"mailto:info@fk-whg.de?subject=Anfrage\">info@fk-whg.de<\/a><\/p>\n<h4>Verantwortliche i.S.d. \u00a7 6 Abs. 2 MDStV:<\/h4>\n<p>Monika Adamek, 1. Vereinsvorsitzende<\/p>\n<p><strong><img loading=\"lazy\" decoding=\"async\" class=\"alignnone size-full wp-image-90\" src=\"http:\/\/fk-whg.de\/wp-content\/uploads\/2019\/03\/acrobat-pdf-icon.png\" alt=\"\" width=\"24\" height=\"24\" \/> <\/strong><a href=\"http:\/\/fk-whg.de\/wp-content\/uploads\/2019\/04\/Datenschutzerklaerung.pdf\">Datenschutzerkl\u00e4rung<\/a><\/p>\n","protected":false},"excerpt":{"rendered":"<p>Impressum f\u00fcr den Internetauftritt des F\u00f6rderkreis des Werner-Heisenberg-Gymnasiums e.V. Adresse: Werner-Heisenberg-Gymnasium Bad D\u00fcrkheim Kanalstra\u00dfe 19 67098 Bad D\u00fcrkheim &nbsp; Telefonisch erreichbar \u00fcber das Schulsekretariat Telefon: (0 63 22) 94 80 0 Telefax: (0 63 22) 94 80 224 Mailadresse: info@fk-whg.de Verantwortliche i.S.d. \u00a7 6 Abs. 2 MDStV: Monika Adamek, 1. Vereinsvorsitzende Datenschutzerkl\u00e4rung<\/p>\n","protected":false},"author":1,"featured_media":0,"parent":0,"menu_order":0,"comment_status":"closed","ping_status":"closed","template":"","meta":{"footnotes":""},"class_list":["post-291","page","type-page","status-publish","hentry"],"_links":{"self":[{"href":"https:\/\/fk-whg.de\/index.php?rest_route=\/wp\/v2\/pages\/291","targetHints":{"allow":["GET"]}}],"collection":[{"href":"https:\/\/fk-whg.de\/index.php?rest_route=\/wp\/v2\/pages"}],"about":[{"href":"https:\/\/fk-whg.de\/index.php?rest_route=\/wp\/v2\/types\/page"}],"author":[{"embeddable":true,"href":"https:\/\/fk-whg.de\/index.php?rest_route=\/wp\/v2\/users\/1"}],"replies":[{"embeddable":true,"href":"https:\/\/fk-whg.de\/index.php?rest_route=%2Fwp%2Fv2%2Fcomments&post=291"}],"version-history":[{"count":4,"href":"https:\/\/fk-whg.de\/index.php?rest_route=\/wp\/v2\/pages\/291\/revisions"}],"predecessor-version":[{"id":298,"href":"https:\/\/fk-whg.de\/index.php?rest_route=\/wp\/v2\/pages\/291\/revisions\/298"}],"wp:attachment":[{"href":"https:\/\/fk-whg.de\/index.php?rest_route=%2Fwp%2Fv2%2Fmedia&parent=291"}],"curies":[{"name":"wp","href":"https:\/\/api.w.org\/{rel}","templated":true}]}}